{"id":481,"date":"2021-04-22T21:07:30","date_gmt":"2021-04-22T21:07:30","guid":{"rendered":"https:\/\/solidaridadyaccion.org\/?page_id=481"},"modified":"2023-01-19T21:38:35","modified_gmt":"2023-01-19T21:38:35","slug":"contacts","status":"publish","type":"page","link":"https:\/\/solidaridadyaccion.org\/index.php\/contacts\/","title":{"rendered":"Contacts"},"content":{"rendered":"\t\t<div data-elementor-type=\"wp-page\" data-elementor-id=\"481\" class=\"elementor elementor-481\">\n\t\t\t\t\t\t\t\t\t<section class=\"elementor-section elementor-top-section elementor-element elementor-element-107f528 elementor-section-height-min-height elementor-section-boxed elementor-section-height-default elementor-section-items-middle\" data-id=\"107f528\" data-element_type=\"section\" data-settings=\"{&quot;background_background&quot;:&quot;classic&quot;}\">\n\t\t\t\t\t\t\t<div class=\"elementor-background-overlay\"><\/div>\n\t\t\t\t\t\t\t<div class=\"elementor-container elementor-column-gap-default\">\n\t\t\t\t\t<div class=\"elementor-column elementor-col-100 elementor-top-column elementor-element elementor-element-cd54bf7\" data-id=\"cd54bf7\" data-element_type=\"column\">\n\t\t\t<div class=\"elementor-widget-wrap elementor-element-populated\">\n\t\t\t\t\t\t\t\t<div class=\"elementor-element elementor-element-7c6cab4 elementor-widget elementor-widget-heading\" data-id=\"7c6cab4\" data-element_type=\"widget\" data-widget_type=\"heading.default\">\n\t\t\t\t<div class=\"elementor-widget-container\">\n\t\t\t<h2 class=\"elementor-heading-title elementor-size-large\">CONTACTS<\/h2>\t\t<\/div>\n\t\t\t\t<\/div>\n\t\t\t\t\t<\/div>\n\t\t<\/div>\n\t\t\t\t\t\t\t<\/div>\n\t\t<\/section>\n\t\t\t\t<section class=\"elementor-section elementor-top-section elementor-element elementor-element-e317410 elementor-section-boxed elementor-section-height-default elementor-section-height-default\" data-id=\"e317410\" data-element_type=\"section\">\n\t\t\t\t\t\t<div class=\"elementor-container elementor-column-gap-default\">\n\t\t\t\t\t<div class=\"elementor-column elementor-col-100 elementor-top-column elementor-element elementor-element-12fff3f\" data-id=\"12fff3f\" data-element_type=\"column\">\n\t\t\t<div class=\"elementor-widget-wrap elementor-element-populated\">\n\t\t\t\t\t\t\t\t<div class=\"elementor-element elementor-element-abe9daa elementor-widget elementor-widget-spacer\" data-id=\"abe9daa\" data-element_type=\"widget\" data-widget_type=\"spacer.default\">\n\t\t\t\t<div class=\"elementor-widget-container\">\n\t\t\t\t\t<div class=\"elementor-spacer\">\n\t\t\t<div class=\"elementor-spacer-inner\"><\/div>\n\t\t<\/div>\n\t\t\t\t<\/div>\n\t\t\t\t<\/div>\n\t\t\t\t\t<\/div>\n\t\t<\/div>\n\t\t\t\t\t\t\t<\/div>\n\t\t<\/section>\n\t\t\t\t<section class=\"elementor-section elementor-top-section elementor-element elementor-element-7bc8f82 elementor-section-boxed elementor-section-height-default elementor-section-height-default\" data-id=\"7bc8f82\" data-element_type=\"section\">\n\t\t\t\t\t\t<div class=\"elementor-container elementor-column-gap-default\">\n\t\t\t\t\t<div class=\"elementor-column elementor-col-50 elementor-top-column elementor-element elementor-element-6bd18df\" data-id=\"6bd18df\" data-element_type=\"column\">\n\t\t\t<div class=\"elementor-widget-wrap elementor-element-populated\">\n\t\t\t\t\t\t\t\t<div class=\"elementor-element elementor-element-194cdad elementor-widget elementor-widget-google_maps\" data-id=\"194cdad\" data-element_type=\"widget\" data-widget_type=\"google_maps.default\">\n\t\t\t\t<div class=\"elementor-widget-container\">\n\t\t\t\t\t<div class=\"elementor-custom-embed\">\n\t\t\t<iframe loading=\"lazy\"\n\t\t\t\t\tsrc=\"https:\/\/maps.google.com\/maps?q=Quito%2C%20ncisco%20S%C3%A1nchez%20%20y%20Miguel%20de%20la%20Rosa%20&#038;t=m&#038;z=10&#038;output=embed&#038;iwloc=near\"\n\t\t\t\t\ttitle=\"Quito, ncisco S\u00e1nchez  y Miguel de la Rosa \"\n\t\t\t\t\taria-label=\"Quito, ncisco S\u00e1nchez  y Miguel de la Rosa \"\n\t\t\t><\/iframe>\n\t\t<\/div>\n\t\t\t\t<\/div>\n\t\t\t\t<\/div>\n\t\t\t\t\t<\/div>\n\t\t<\/div>\n\t\t\t\t<div class=\"elementor-column elementor-col-50 elementor-top-column elementor-element elementor-element-5bf33c9\" data-id=\"5bf33c9\" data-element_type=\"column\">\n\t\t\t<div class=\"elementor-widget-wrap elementor-element-populated\">\n\t\t\t\t\t\t\t\t<div class=\"elementor-element elementor-element-e7bf463 elementor-widget elementor-widget-text-editor\" data-id=\"e7bf463\" data-element_type=\"widget\" data-widget_type=\"text-editor.default\">\n\t\t\t\t<div class=\"elementor-widget-container\">\n\t\t\t\t\t\t\t<p><strong>Address:<\/strong> Francisco S\u00e1nchez N82-13 y Miguel de la Rosa (Sector Carcel\u00e9n)<\/p>\t\t\t\t\t\t<\/div>\n\t\t\t\t<\/div>\n\t\t\t\t<div class=\"elementor-element elementor-element-513fb75 elementor-widget elementor-widget-text-editor\" data-id=\"513fb75\" data-element_type=\"widget\" data-widget_type=\"text-editor.default\">\n\t\t\t\t<div class=\"elementor-widget-container\">\n\t\t\t\t\t\t\t<p><strong>Telephone numbers:<\/strong> (+593) 2485-072\/ 2427-999\u00a0 \u00a0<\/p>\t\t\t\t\t\t<\/div>\n\t\t\t\t<\/div>\n\t\t\t\t<div class=\"elementor-element elementor-element-647283a elementor-widget elementor-widget-text-editor\" data-id=\"647283a\" data-element_type=\"widget\" data-widget_type=\"text-editor.default\">\n\t\t\t\t<div class=\"elementor-widget-container\">\n\t\t\t\t\t\t\t<p><strong>Email:<\/strong> <a href=\"mailto:info@asosolac.org\">info@asosolac.org<\/a><\/p>\t\t\t\t\t\t<\/div>\n\t\t\t\t<\/div>\n\t\t\t\t<div class=\"elementor-element elementor-element-90bd9fc elementor-widget elementor-widget-text-editor\" data-id=\"90bd9fc\" data-element_type=\"widget\" data-widget_type=\"text-editor.default\">\n\t\t\t\t<div class=\"elementor-widget-container\">\n\t\t\t\t\t\t\t<p><strong>Facebook:<\/strong> @asa.ecuador\u00a0 \u00a0 \u00a0 <strong>Ig:<\/strong> @asa_solidaridadyaccion\u00a0<\/p>\t\t\t\t\t\t<\/div>\n\t\t\t\t<\/div>\n\t\t\t\t<div class=\"elementor-element elementor-element-f456484 elementor-shape-rounded elementor-grid-0 e-grid-align-center elementor-widget elementor-widget-social-icons\" data-id=\"f456484\" data-element_type=\"widget\" data-widget_type=\"social-icons.default\">\n\t\t\t\t<div class=\"elementor-widget-container\">\n\t\t\t\t\t<div class=\"elementor-social-icons-wrapper elementor-grid\">\n\t\t\t\t\t\t\t<span class=\"elementor-grid-item\">\n\t\t\t\t\t<a class=\"elementor-icon elementor-social-icon elementor-social-icon-facebook elementor-repeater-item-c639084\" href=\"https:\/\/www.facebook.com\/asa.ecuador\" target=\"_blank\">\n\t\t\t\t\t\t<span class=\"elementor-screen-only\">Facebook<\/span>\n\t\t\t\t\t\t<i class=\"fab fa-facebook\"><\/i>\t\t\t\t\t<\/a>\n\t\t\t\t<\/span>\n\t\t\t\t\t\t\t<span class=\"elementor-grid-item\">\n\t\t\t\t\t<a class=\"elementor-icon elementor-social-icon elementor-social-icon-instagram elementor-repeater-item-1a7fcfc\" href=\"https:\/\/www.instagram.com\/asa_solidaridadyaccion\" target=\"_blank\">\n\t\t\t\t\t\t<span class=\"elementor-screen-only\">Instagram<\/span>\n\t\t\t\t\t\t<i class=\"fab fa-instagram\"><\/i>\t\t\t\t\t<\/a>\n\t\t\t\t<\/span>\n\t\t\t\t\t<\/div>\n\t\t\t\t<\/div>\n\t\t\t\t<\/div>\n\t\t\t\t\t<\/div>\n\t\t<\/div>\n\t\t\t\t\t\t\t<\/div>\n\t\t<\/section>\n\t\t\t\t<section class=\"elementor-section elementor-top-section elementor-element elementor-element-ebd6990 elementor-section-boxed elementor-section-height-default elementor-section-height-default\" data-id=\"ebd6990\" data-element_type=\"section\">\n\t\t\t\t\t\t<div class=\"elementor-container elementor-column-gap-default\">\n\t\t\t\t\t<div class=\"elementor-column elementor-col-100 elementor-top-column elementor-element elementor-element-cc04e25\" data-id=\"cc04e25\" data-element_type=\"column\">\n\t\t\t<div class=\"elementor-widget-wrap elementor-element-populated\">\n\t\t\t\t\t\t\t\t<div class=\"elementor-element elementor-element-112c2db elementor-widget elementor-widget-heading\" data-id=\"112c2db\" data-element_type=\"widget\" data-widget_type=\"heading.default\">\n\t\t\t\t<div class=\"elementor-widget-container\">\n\t\t\t<h2 class=\"elementor-heading-title elementor-size-default\">Enter your personal details<\/h2>\t\t<\/div>\n\t\t\t\t<\/div>\n\t\t\t\t\t<\/div>\n\t\t<\/div>\n\t\t\t\t\t\t\t<\/div>\n\t\t<\/section>\n\t\t\t\t<section class=\"elementor-section elementor-top-section elementor-element elementor-element-b532564 elementor-section-boxed elementor-section-height-default elementor-section-height-default\" data-id=\"b532564\" data-element_type=\"section\">\n\t\t\t\t\t\t<div class=\"elementor-container elementor-column-gap-default\">\n\t\t\t\t\t<div class=\"elementor-column elementor-col-100 elementor-top-column elementor-element elementor-element-678afca\" data-id=\"678afca\" data-element_type=\"column\">\n\t\t\t<div class=\"elementor-widget-wrap elementor-element-populated\">\n\t\t\t\t\t\t\t\t<div class=\"elementor-element elementor-element-b85d40d elementor-widget elementor-widget-accordion\" data-id=\"b85d40d\" data-element_type=\"widget\" data-widget_type=\"accordion.default\">\n\t\t\t\t<div class=\"elementor-widget-container\">\n\t\t\t\t\t<div class=\"elementor-accordion\" role=\"tablist\">\n\t\t\t\t\t\t\t<div class=\"elementor-accordion-item\">\n\t\t\t\t\t<div id=\"elementor-tab-title-1931\" class=\"elementor-tab-title\" data-tab=\"1\" role=\"tab\" aria-controls=\"elementor-tab-content-1931\" aria-expanded=\"false\">\n\t\t\t\t\t\t\t\t\t\t\t\t\t<span class=\"elementor-accordion-icon elementor-accordion-icon-left\" aria-hidden=\"true\">\n\t\t\t\t\t\t\t\t\t\t\t\t\t\t\t<span class=\"elementor-accordion-icon-closed\"><i class=\"fas fa-angle-double-down\"><\/i><\/span>\n\t\t\t\t\t\t\t\t<span class=\"elementor-accordion-icon-opened\"><i class=\"fas fa-angle-double-up\"><\/i><\/span>\n\t\t\t\t\t\t\t\t\t\t\t\t\t\t<\/span>\n\t\t\t\t\t\t\t\t\t\t\t\t<a class=\"elementor-accordion-title\" href=\"\">POL\u00cdTICA DE PRIVACIDAD<\/a>\n\t\t\t\t\t<\/div>\n\t\t\t\t\t<div id=\"elementor-tab-content-1931\" class=\"elementor-tab-content elementor-clearfix\" data-tab=\"1\" role=\"tabpanel\" aria-labelledby=\"elementor-tab-title-1931\"><p>Internet user privacy is of paramount importance to Asociaci\u00f3n Solidaridad y Acci\u00f3n ASA. This privacy statement describes ASA&#8217;s policy regarding the collection and sharing of information about website visitors. This applies to all &#8220;ASA sites&#8221;, i.e. all sites under the domain name &#8220;solidaridadyaccion.org and\/or ASA.org. The user should be aware that through this site you can access or be directed to other sites related to the ASA, such as https:\/\/www.solidaridadyaccion.org\/ or the sites of our areas such as Childhood, Foster Care, Education or Spondylus for these we agree to accept the practices described in this policy.<\/p><p>\u00a0<\/p><p><strong>What type of information does the ASA collect?<\/strong><\/p><p><strong>Ordinary use of the website<\/strong><\/p><p>In general, you can browse the ASA site without revealing your identity or any other personal information. The only data we collect during a general visit is standard server log information. This includes the Internet protocol address, domain name, browser type, operating system, and other information such as what website referred you to us, what files you download, what pages you visit, and the dates and times of those visits.<\/p><p><strong>Collection of personal data<\/strong><\/p><p>When subscribing to contact us, accessing certain ASA sites, ordering a book or other merchandise, requesting information, providing feedback, applying for a job, joining a discussion group or email list, you will be asked to provide personal information such as name, mailing address and email address. This information is collected only with your knowledge and permission.<\/p><p>ASA sites that specifically require personal data may publish a privacy policy of their own. That policy will be supplemental to the general privacy policy described above.<\/p><p>A user&#8217;s participation in electronic discussion groups implies that other participants in the discussion group (including persons who are not ASA employees) will see personal information that the user has voluntarily provided. In open discussion groups, this information will be public.<\/p><p><strong>Special note on children&#8217;s information<\/strong><\/p><p>Several sites in the ASA domain focus on children, including interactive sites such as discussion groups. Some of these groups require specific information, which users must provide to ASA. In this case we request the minimum amount of personal information.<\/p><p>These areas of the ASA site are intended for children and adolescents only; unauthorized adults do not participate in these areas of the ASA site. (Obtaining user information helps us in this regard, if necessary).<\/p><p>Children should make sure that their parents, or adults caring for them, know that they are participating on ASA sites and that they have provided us with this limited user information.<\/p><p>\u00a0<\/p><p><strong>WHAT DOES ASA DO WITH THE INFORMATION IT COLLECTS?<\/strong><\/p><p>Ordinary Web Site Use<\/p><p>The information collected during general browsing of the &#8220;solidaridadyaccion.org&#8221; domain is used to analyze trends and site usage and to improve the usefulness of the site. It does not involve any personal data. However, if you have registered with ASA for any activity on the site, the information we collect about your normal use of the site will identify you.<\/p><p><strong>Personally Identifiable Information<\/strong><\/p><p>ASA may use the personal data provided by the user to:<\/p><p>Contact you regarding a question or suggestion, or send you newsletters, documents, publications, etc., and we may also provide the information to national committees on behalf of ASA so that they may also contact you;<\/p><p><strong>Process your application for a job;<\/strong><\/p><p>Confirm your purchases and registrations on the site;<\/p><p>\u00a0Charge purchases made through the site (by credit card); &#8220;Remember&#8221; your online profile.<\/p><p>&#8220;Remember&#8221; your online profile and preferences;<\/p><p>Help you quickly find information that interests you and allow us to tailor site content to your needs;<\/p><p><strong>Perform statistical analysis.<\/strong><\/p><p>What if the user does not want to provide personal information?<\/p><p>Providing personal information on the ASA site is optional. If a user chooses not to do so, he or she may continue to browse and use the UNICEF site, but will not be able to, for example, purchase items, subscribe to a newsletter or apply for a job.<\/p><p><strong>Opt-out and modification of data<\/strong><\/p><p>At any time, you may delete or modify the information you have provided by returning to the web page where you first provided it and contacting the person in charge of that page or the relevant ASA department. If the page does not indicate where to go, you can write to contact us for more information.<\/p><p><strong>Security<\/strong><\/p><p>ASA does not sell or exchange any personally identifiable information voluntarily submitted on its website to third parties. Any information provided to ASA by users of the site is held with the utmost care and security and will only be used as described in this privacy policy, or in the site&#8217;s own policies, or as expressly authorized by the user. ASA employs a variety of technologies and security measures to protect the information maintained on its systems against loss, misuse, unauthorized access or disclosure, alteration or destruction.<\/p><p>However, ASA assumes no responsibility for the security of the information.<\/p><p>The ASA site contains links to sites outside the solidaridadyaccion.org domain. ASA is not responsible for the privacy practices or the content of such sites.<\/p><p><strong>Notification of changes<\/strong><\/p><p>Any changes to this privacy policy will be posted on ASA&#8217;s home page at https:\/\/www.solidaridadyaccion.org\/.<\/p><p><strong>Point of Contact<\/strong><\/p><p>For questions or concerns regarding this privacy policy, please contact us at contact us by typing the word &#8220;privacy&#8221; in the subject line.<\/p><p>*Cookies: A cookie is a small amount of data that is sent from a web server to the user&#8217;s browser. It is generally used to assign a unique ID to your computer and to securely store data such as user IDs, passwords, preferences and online profiles. It is stored on your computer&#8217;s hard drive. If you do not want ASA sites to send you cookies, you can change your browser settings. To protect your privacy, your browser only allows a website to access the cookies it has already sent to you, not the cookies sent to you by other sites.<\/p><p><strong>Return Policy<\/strong><\/p><p>In ASA Ecuador we obtain recurring donations through face to face campaigns (in the street, shopping malls, companies and events), telemarketing calls to those who have been contacted and digital (campaigns on Facebook, google and the ASA website).<\/p><p><strong>The donation acceptance supports for each case are<\/strong>:<\/p><p>Face to face and Telemarketing: Signed form.<\/p><p>Digital: Autonomous registration of the donor via web.<\/p><p>\u00a0<\/p><p><strong>Reasons for a return to apply<\/strong><\/p><p>When a person contacts ASA or their bank to request a refund of the discounted money, it can be for different reasons:<\/p><p>He\/she did not authorize the donation;<\/p><p>They understood that the donation was a one-time donation;<\/p><p>You cancelled your donation and a new debit was made after that date; or<\/p><p>The contribution was debited more than once in the same month.<\/p><p>Due to these situations, ASA has a refund policy that seeks to provide transparency and security for all donors. This policy refers to the process that must be followed for the refund to be effective and is described below:<\/p><p>Process for requesting a refund<\/p><p>The return of the money must be requested in writing (email) or by calling the association in Quito +59322472999, indicating the reason for the request.<\/p><p>When the donation is cancelled, it is explained to the donor that during that same month he\/she could receive a debit in his\/her account\/card, if the cancellation was made within the month closing and collection process, since the processes are automatically activated, that is to say, the cancellation will be effective for the following month.<\/p><p>Financial institutions take a minimum of 8 working days and a maximum of 4 weeks to make the refund.<\/p><p>The money requested for refund will be transferred only to the account or credit card from which it was debited.<\/p><p>The refund will be made either for the value of the month in which the request is made or a maximum of 3 months of the authorized monthly contribution. The reason for this condition is that after this time the money collected has already been allocated and used in the different programs developed by ASA in Ecuador.<\/p><p>If the reasons for requesting the return of the value are not having authorized the contribution or because it was understood that it was a one-time donation (unique), the donor will receive a copy of the form.<\/p><p>\u00a0<\/p><p><strong>Exceptions:<\/strong><\/p><p>ASA&#8217;s donation page is secure, however, there is a minimal risk of credit card fraud through the page. In these cases, ASA will return the money debited when fraud is identified or when requested by the individual or the cardholder&#8217;s bank. Refund times will depend on the banking network and range from 8 business days to 4 weeks.<\/p><\/div>\n\t\t\t\t<\/div>\n\t\t\t\t\t\t\t\t<\/div>\n\t\t\t\t<\/div>\n\t\t\t\t<\/div>\n\t\t\t\t\t<\/div>\n\t\t<\/div>\n\t\t\t\t\t\t\t<\/div>\n\t\t<\/section>\n\t\t\t\t<section class=\"elementor-section elementor-top-section elementor-element elementor-element-803b214 elementor-section-boxed elementor-section-height-default elementor-section-height-default\" data-id=\"803b214\" data-element_type=\"section\">\n\t\t\t\t\t\t<div class=\"elementor-container elementor-column-gap-default\">\n\t\t\t\t\t<div class=\"elementor-column elementor-col-100 elementor-top-column elementor-element elementor-element-9c31851\" data-id=\"9c31851\" data-element_type=\"column\">\n\t\t\t<div class=\"elementor-widget-wrap\">\n\t\t\t\t\t\t\t\t\t<\/div>\n\t\t<\/div>\n\t\t\t\t\t\t\t<\/div>\n\t\t<\/section>\n\t\t\t\t\t\t\t<\/div>\n\t\t","protected":false},"excerpt":{"rendered":"<p>CONTACTS Address: Francisco S\u00e1nchez N82-13 y Miguel de la Rosa (Sector Carcel\u00e9n) Telephone numbers: (+593) 2485-072\/ 2427-999\u00a0 \u00a0 Email: info@asosolac.org Facebook: @asa.ecuador\u00a0 \u00a0 \u00a0 Ig: @asa_solidaridadyaccion\u00a0 Facebook Instagram Enter your personal details POL\u00cdTICA DE PRIVACIDAD Internet user privacy is of paramount importance to Asociaci\u00f3n Solidaridad y Acci\u00f3n ASA. This privacy statement describes ASA&#8217;s policy regarding &#8230; <a title=\"Contacts\" class=\"read-more\" href=\"https:\/\/solidaridadyaccion.org\/index.php\/contacts\/\" aria-label=\"More on Contacts\">Read more<\/a><\/p>\n","protected":false},"author":1,"featured_media":0,"parent":0,"menu_order":0,"comment_status":"closed","ping_status":"closed","template":"","meta":[],"_links":{"self":[{"href":"https:\/\/solidaridadyaccion.org\/index.php\/wp-json\/wp\/v2\/pages\/481"}],"collection":[{"href":"https:\/\/solidaridadyaccion.org\/index.php\/wp-json\/wp\/v2\/pages"}],"about":[{"href":"https:\/\/solidaridadyaccion.org\/index.php\/wp-json\/wp\/v2\/types\/page"}],"author":[{"embeddable":true,"href":"https:\/\/solidaridadyaccion.org\/index.php\/wp-json\/wp\/v2\/users\/1"}],"replies":[{"embeddable":true,"href":"https:\/\/solidaridadyaccion.org\/index.php\/wp-json\/wp\/v2\/comments?post=481"}],"version-history":[{"count":29,"href":"https:\/\/solidaridadyaccion.org\/index.php\/wp-json\/wp\/v2\/pages\/481\/revisions"}],"predecessor-version":[{"id":649,"href":"https:\/\/solidaridadyaccion.org\/index.php\/wp-json\/wp\/v2\/pages\/481\/revisions\/649"}],"wp:attachment":[{"href":"https:\/\/solidaridadyaccion.org\/index.php\/wp-json\/wp\/v2\/media?parent=481"}],"curies":[{"name":"wp","href":"https:\/\/api.w.org\/{rel}","templated":true}]}}