{"id":32,"date":"2021-03-31T17:02:57","date_gmt":"2021-03-31T17:02:57","guid":{"rendered":"https:\/\/solidaridadyaccion.org\/web2\/?page_id=32"},"modified":"2023-01-19T21:31:12","modified_gmt":"2023-01-19T21:31:12","slug":"contacto","status":"publish","type":"page","link":"https:\/\/solidaridadyaccion.org\/index.php\/es\/contacto\/","title":{"rendered":"Contacto"},"content":{"rendered":"\t\t<div data-elementor-type=\"wp-page\" data-elementor-id=\"32\" class=\"elementor elementor-32\">\n\t\t\t\t\t\t\t\t\t<section class=\"elementor-section elementor-top-section elementor-element elementor-element-107f528 elementor-section-height-min-height elementor-section-boxed elementor-section-height-default elementor-section-items-middle\" data-id=\"107f528\" data-element_type=\"section\" data-settings=\"{&quot;background_background&quot;:&quot;classic&quot;}\">\n\t\t\t\t\t\t\t<div class=\"elementor-background-overlay\"><\/div>\n\t\t\t\t\t\t\t<div class=\"elementor-container elementor-column-gap-default\">\n\t\t\t\t\t<div class=\"elementor-column elementor-col-100 elementor-top-column elementor-element elementor-element-cd54bf7\" data-id=\"cd54bf7\" data-element_type=\"column\">\n\t\t\t<div class=\"elementor-widget-wrap elementor-element-populated\">\n\t\t\t\t\t\t\t\t<div class=\"elementor-element elementor-element-7c6cab4 elementor-widget elementor-widget-heading\" data-id=\"7c6cab4\" data-element_type=\"widget\" data-widget_type=\"heading.default\">\n\t\t\t\t<div class=\"elementor-widget-container\">\n\t\t\t<h2 class=\"elementor-heading-title elementor-size-large\">Contactos<\/h2>\t\t<\/div>\n\t\t\t\t<\/div>\n\t\t\t\t\t<\/div>\n\t\t<\/div>\n\t\t\t\t\t\t\t<\/div>\n\t\t<\/section>\n\t\t\t\t<section class=\"elementor-section elementor-top-section elementor-element elementor-element-e317410 elementor-section-boxed elementor-section-height-default elementor-section-height-default\" data-id=\"e317410\" data-element_type=\"section\">\n\t\t\t\t\t\t<div class=\"elementor-container elementor-column-gap-default\">\n\t\t\t\t\t<div class=\"elementor-column elementor-col-100 elementor-top-column elementor-element elementor-element-12fff3f\" data-id=\"12fff3f\" data-element_type=\"column\">\n\t\t\t<div class=\"elementor-widget-wrap elementor-element-populated\">\n\t\t\t\t\t\t\t\t<div class=\"elementor-element elementor-element-abe9daa elementor-widget elementor-widget-spacer\" data-id=\"abe9daa\" data-element_type=\"widget\" data-widget_type=\"spacer.default\">\n\t\t\t\t<div class=\"elementor-widget-container\">\n\t\t\t\t\t<div class=\"elementor-spacer\">\n\t\t\t<div class=\"elementor-spacer-inner\"><\/div>\n\t\t<\/div>\n\t\t\t\t<\/div>\n\t\t\t\t<\/div>\n\t\t\t\t\t<\/div>\n\t\t<\/div>\n\t\t\t\t\t\t\t<\/div>\n\t\t<\/section>\n\t\t\t\t<section class=\"elementor-section elementor-top-section elementor-element elementor-element-7bc8f82 elementor-section-boxed elementor-section-height-default elementor-section-height-default\" data-id=\"7bc8f82\" data-element_type=\"section\">\n\t\t\t\t\t\t<div class=\"elementor-container elementor-column-gap-default\">\n\t\t\t\t\t<div class=\"elementor-column elementor-col-50 elementor-top-column elementor-element elementor-element-6bd18df\" data-id=\"6bd18df\" data-element_type=\"column\">\n\t\t\t<div class=\"elementor-widget-wrap elementor-element-populated\">\n\t\t\t\t\t\t\t\t<div class=\"elementor-element elementor-element-194cdad elementor-widget elementor-widget-google_maps\" data-id=\"194cdad\" data-element_type=\"widget\" data-widget_type=\"google_maps.default\">\n\t\t\t\t<div class=\"elementor-widget-container\">\n\t\t\t\t\t<div class=\"elementor-custom-embed\">\n\t\t\t<iframe loading=\"lazy\"\n\t\t\t\t\tsrc=\"https:\/\/maps.google.com\/maps?q=Quito%2C%20ncisco%20S%C3%A1nchez%20%20y%20Miguel%20de%20la%20Rosa%20&#038;t=m&#038;z=10&#038;output=embed&#038;iwloc=near\"\n\t\t\t\t\ttitle=\"Quito, ncisco S\u00e1nchez  y Miguel de la Rosa \"\n\t\t\t\t\taria-label=\"Quito, ncisco S\u00e1nchez  y Miguel de la Rosa \"\n\t\t\t><\/iframe>\n\t\t<\/div>\n\t\t\t\t<\/div>\n\t\t\t\t<\/div>\n\t\t\t\t\t<\/div>\n\t\t<\/div>\n\t\t\t\t<div class=\"elementor-column elementor-col-50 elementor-top-column elementor-element elementor-element-5bf33c9\" data-id=\"5bf33c9\" data-element_type=\"column\">\n\t\t\t<div class=\"elementor-widget-wrap elementor-element-populated\">\n\t\t\t\t\t\t\t\t<div class=\"elementor-element elementor-element-e7bf463 elementor-widget elementor-widget-text-editor\" data-id=\"e7bf463\" data-element_type=\"widget\" data-widget_type=\"text-editor.default\">\n\t\t\t\t<div class=\"elementor-widget-container\">\n\t\t\t\t\t\t\t<p><em><strong>Direcci\u00f3n:<\/strong><\/em> Francisco S\u00e1nchez N82-13 y Miguel de la Rosa (Sector Carcel\u00e9n)<\/p>\t\t\t\t\t\t<\/div>\n\t\t\t\t<\/div>\n\t\t\t\t<div class=\"elementor-element elementor-element-513fb75 elementor-widget elementor-widget-text-editor\" data-id=\"513fb75\" data-element_type=\"widget\" data-widget_type=\"text-editor.default\">\n\t\t\t\t<div class=\"elementor-widget-container\">\n\t\t\t\t\t\t\t<p><em><strong>Tel\u00e9fonos:<\/strong><\/em> (+593) 2485-072\/ 2427-999\u00a0 \u00a0<\/p>\t\t\t\t\t\t<\/div>\n\t\t\t\t<\/div>\n\t\t\t\t<div class=\"elementor-element elementor-element-647283a elementor-widget elementor-widget-text-editor\" data-id=\"647283a\" data-element_type=\"widget\" data-widget_type=\"text-editor.default\">\n\t\t\t\t<div class=\"elementor-widget-container\">\n\t\t\t\t\t\t\t<p><strong>Email:<\/strong> <a href=\"mailto:info@asosolac.org\">info@asosolac.org<\/a><\/p>\t\t\t\t\t\t<\/div>\n\t\t\t\t<\/div>\n\t\t\t\t<div class=\"elementor-element elementor-element-90bd9fc elementor-widget elementor-widget-text-editor\" data-id=\"90bd9fc\" data-element_type=\"widget\" data-widget_type=\"text-editor.default\">\n\t\t\t\t<div class=\"elementor-widget-container\">\n\t\t\t\t\t\t\t<p><strong>Facebook:<\/strong> @asa.ecuador\u00a0 \u00a0 \u00a0 <strong>Ig:<\/strong> @asa_solidaridadyaccion\u00a0<\/p>\t\t\t\t\t\t<\/div>\n\t\t\t\t<\/div>\n\t\t\t\t<div class=\"elementor-element elementor-element-f456484 elementor-shape-rounded elementor-grid-0 e-grid-align-center elementor-widget elementor-widget-social-icons\" data-id=\"f456484\" data-element_type=\"widget\" data-widget_type=\"social-icons.default\">\n\t\t\t\t<div class=\"elementor-widget-container\">\n\t\t\t\t\t<div class=\"elementor-social-icons-wrapper elementor-grid\">\n\t\t\t\t\t\t\t<span class=\"elementor-grid-item\">\n\t\t\t\t\t<a class=\"elementor-icon elementor-social-icon elementor-social-icon-facebook elementor-repeater-item-c639084\" href=\"https:\/\/www.facebook.com\/asa.ecuador\" target=\"_blank\">\n\t\t\t\t\t\t<span class=\"elementor-screen-only\">Facebook<\/span>\n\t\t\t\t\t\t<i class=\"fab fa-facebook\"><\/i>\t\t\t\t\t<\/a>\n\t\t\t\t<\/span>\n\t\t\t\t\t\t\t<span class=\"elementor-grid-item\">\n\t\t\t\t\t<a class=\"elementor-icon elementor-social-icon elementor-social-icon-instagram elementor-repeater-item-1a7fcfc\" href=\"https:\/\/www.instagram.com\/asa_solidaridadyaccion\" target=\"_blank\">\n\t\t\t\t\t\t<span class=\"elementor-screen-only\">Instagram<\/span>\n\t\t\t\t\t\t<i class=\"fab fa-instagram\"><\/i>\t\t\t\t\t<\/a>\n\t\t\t\t<\/span>\n\t\t\t\t\t<\/div>\n\t\t\t\t<\/div>\n\t\t\t\t<\/div>\n\t\t\t\t\t<\/div>\n\t\t<\/div>\n\t\t\t\t\t\t\t<\/div>\n\t\t<\/section>\n\t\t\t\t<section class=\"elementor-section elementor-top-section elementor-element elementor-element-ebd6990 elementor-section-boxed elementor-section-height-default elementor-section-height-default\" data-id=\"ebd6990\" data-element_type=\"section\">\n\t\t\t\t\t\t<div class=\"elementor-container elementor-column-gap-default\">\n\t\t\t\t\t<div class=\"elementor-column elementor-col-100 elementor-top-column elementor-element elementor-element-cc04e25\" data-id=\"cc04e25\" data-element_type=\"column\">\n\t\t\t<div class=\"elementor-widget-wrap elementor-element-populated\">\n\t\t\t\t\t\t\t\t<div class=\"elementor-element elementor-element-112c2db elementor-widget elementor-widget-heading\" data-id=\"112c2db\" data-element_type=\"widget\" data-widget_type=\"heading.default\">\n\t\t\t\t<div class=\"elementor-widget-container\">\n\t\t\t<h2 class=\"elementor-heading-title elementor-size-default\">Ingresa tus datos personales<\/h2>\t\t<\/div>\n\t\t\t\t<\/div>\n\t\t\t\t\t<\/div>\n\t\t<\/div>\n\t\t\t\t\t\t\t<\/div>\n\t\t<\/section>\n\t\t\t\t<section class=\"elementor-section elementor-top-section elementor-element elementor-element-145db07 elementor-section-boxed elementor-section-height-default elementor-section-height-default\" data-id=\"145db07\" data-element_type=\"section\">\n\t\t\t\t\t\t<div class=\"elementor-container elementor-column-gap-default\">\n\t\t\t\t\t<div class=\"elementor-column elementor-col-100 elementor-top-column elementor-element elementor-element-5afe31e\" data-id=\"5afe31e\" data-element_type=\"column\">\n\t\t\t<div class=\"elementor-widget-wrap\">\n\t\t\t\t\t\t\t\t\t<\/div>\n\t\t<\/div>\n\t\t\t\t\t\t\t<\/div>\n\t\t<\/section>\n\t\t\t\t<section class=\"elementor-section elementor-top-section elementor-element elementor-element-b532564 elementor-section-boxed elementor-section-height-default elementor-section-height-default\" data-id=\"b532564\" data-element_type=\"section\">\n\t\t\t\t\t\t<div class=\"elementor-container elementor-column-gap-default\">\n\t\t\t\t\t<div class=\"elementor-column elementor-col-100 elementor-top-column elementor-element elementor-element-678afca\" data-id=\"678afca\" data-element_type=\"column\">\n\t\t\t<div class=\"elementor-widget-wrap elementor-element-populated\">\n\t\t\t\t\t\t\t\t<div class=\"elementor-element elementor-element-b85d40d elementor-widget elementor-widget-accordion\" data-id=\"b85d40d\" data-element_type=\"widget\" data-widget_type=\"accordion.default\">\n\t\t\t\t<div class=\"elementor-widget-container\">\n\t\t\t\t\t<div class=\"elementor-accordion\" role=\"tablist\">\n\t\t\t\t\t\t\t<div class=\"elementor-accordion-item\">\n\t\t\t\t\t<div id=\"elementor-tab-title-1931\" class=\"elementor-tab-title\" data-tab=\"1\" role=\"tab\" aria-controls=\"elementor-tab-content-1931\" aria-expanded=\"false\">\n\t\t\t\t\t\t\t\t\t\t\t\t\t<span class=\"elementor-accordion-icon elementor-accordion-icon-left\" aria-hidden=\"true\">\n\t\t\t\t\t\t\t\t\t\t\t\t\t\t\t<span class=\"elementor-accordion-icon-closed\"><i class=\"fas fa-angle-double-down\"><\/i><\/span>\n\t\t\t\t\t\t\t\t<span class=\"elementor-accordion-icon-opened\"><i class=\"fas fa-angle-double-up\"><\/i><\/span>\n\t\t\t\t\t\t\t\t\t\t\t\t\t\t<\/span>\n\t\t\t\t\t\t\t\t\t\t\t\t<a class=\"elementor-accordion-title\" href=\"\">POL\u00cdTICA DE PRIVACIDAD<\/a>\n\t\t\t\t\t<\/div>\n\t\t\t\t\t<div id=\"elementor-tab-content-1931\" class=\"elementor-tab-content elementor-clearfix\" data-tab=\"1\" role=\"tabpanel\" aria-labelledby=\"elementor-tab-title-1931\"><p>La privacidad del usuario de Internet es de capital importancia para la Asociaci\u00f3n Solidaridad y Acci\u00f3n ASA. En esta declaraci\u00f3n sobre la privacidad se describe la pol\u00edtica del ASA con respecto a la obtenci\u00f3n e intercambio de informaci\u00f3n sobre los visitantes del sitio web. Esto se aplica a todos los \u201csitios del ASA\u201d, es decir, todos los sitios englobados bajo el nombre de dominio \u201csolidaridadyaccion.org y\/o ASA.org. El usuario debe saber que por medio de este sitio puede acceder o ser dirigido a otros sitios relacionados con el ASA, como\u00a0<a href=\"https:\/\/www.solidaridadyaccion.org\/\">https:\/\/www.solidaridadyaccion.org\/<\/a>\u00a0o los sitios de nuestras \u00e1reas como Ni\u00f1ez, Acogimiento familiar, Educaci\u00f3n o Spondylus para estos nos compromete a aceptar las pr\u00e1cticas descritas en esta pol\u00edtica.<\/p><p>\u00bfQu\u00e9 tipo de informaci\u00f3n recopila el ASA?<\/p><p><strong>Uso ordinario del sitio en la web<\/strong><br \/>En general, el usuario puede navegar por el sitio del ASA sin necesidad de revelar su identidad ni cualquier otro tipo de informaci\u00f3n personal. Los \u00fanicos datos que recopilamos durante una visita general es la de las anotaciones est\u00e1ndar del servidor. Esto incluye la direcci\u00f3n del protocolo de Internet, el nombre del dominio, el tipo de navegador, el sistema de operaci\u00f3n y otra informaci\u00f3n como la que se refiere al sitio web que le remiti\u00f3 a nosotros, los ficheros que descarga, las p\u00e1ginas que visita y las fechas y horas en que se produjeron esas visitas.<\/p><p><strong>Recopilaci\u00f3n de datos de car\u00e1cter personal<\/strong><br \/>Al suscribirse para contactarnos, acceder a determinados sitios de ASA, encargar un libro u otras mercanc\u00edas, solicitar informaci\u00f3n, ofrecer comentarios, solicitar un puesto de trabajo, inscribirse en un grupo de debate o en una lista de correo electr\u00f3nico, se pedir\u00e1 al usuario que facilite informaci\u00f3n personal como el nombre, la direcci\u00f3n postal y la direcci\u00f3n de correo electr\u00f3nico. Esta informaci\u00f3n se recopila solamente bajo su conocimiento y autorizaci\u00f3n.<\/p><p>Los sitios de ASA que requieren espec\u00edficamente datos personales pueden publicar una pol\u00edtica de privacidad propia. Esa pol\u00edtica ser\u00e1 complementaria de la pol\u00edtica general de privacidad antes descrita.<\/p><p>La participaci\u00f3n de un usuario en grupos de debate electr\u00f3nico implica que otros participantes del grupo de debate (incluidas personas que no son empleados de ASA) vean la informaci\u00f3n personal que el usuario ha facilitado de manera voluntaria. En los grupos de discusi\u00f3n abierta, esta informaci\u00f3n ser\u00e1 p\u00fablica.<\/p><p><strong>Nota especial sobre informaci\u00f3n de ni\u00f1os y ni\u00f1as<\/strong><br \/>Varios sitios del dominio de ASA se centran en los ni\u00f1os y las ni\u00f1as, entre ellos sitios interactivos como los grupos de debate. Algunos de estos grupos requieren informaci\u00f3n espec\u00edfica, que los usuarios tienen que facilitar a ASA. En este caso solicitamos el m\u00ednimo de informaci\u00f3n personal.<\/p><p>Estas zonas del sitio de ASA que est\u00e1n dirigidas solamente a las ni\u00f1as, ni\u00f1os y adolescentes, los adultos no autorizados no participan en estas zonas del sitio de ASA. (Obtener informaci\u00f3n del usuario nos sirve de ayuda a este respecto, si es necesario.)<\/p><p>Los ni\u00f1os y ni\u00f1as deben asegurarse de que sus progenitores, o los adultos que se ocupan de ellos, saben que est\u00e1n participando en los sitios de ASA y que nos han facilitado esta informaci\u00f3n limitada del usuario.<\/p><p><strong>\u00bfQU\u00c9 HACE ASACON LA INFORMACI\u00d3N QUE RECOPILA?<\/strong><br \/><strong>Uso ordinario del sitio web<\/strong><br \/>La informaci\u00f3n recopilada durante la navegaci\u00f3n general del dominio \u201csolidaridadyaccion.org\u201d se utiliza para analizar las tendencias y el uso del sitio y para mejorar su utilidad. No comporta ning\u00fan dato personal. Sin embargo, si el usuario se ha registrado con ASA para cualquier actividad del sitio, la informaci\u00f3n que recopilemos sobre el uso normal de la web le identificar\u00e1.<\/p><p><strong>Informaci\u00f3n de identificaci\u00f3n personal<\/strong><br \/>ASA puede utilizar los datos personales que facilita el usuario para:<\/p><ul><li><p>Ponerse en contacto con el interesado en relaci\u00f3n con una pregunta o sugerencia, o enviarle boletines, documentos, publicaciones, etc., y tambi\u00e9n podemos facilitar la informaci\u00f3n a los comit\u00e9s nacionales en pro de ASA para que se puedan poner tambi\u00e9n en contacto con el usuario;<\/p><\/li><li><p>Tramitar su candidatura a un puesto de trabajo;<\/p><\/li><li><p>Confirmar sus compras e inscripciones en el sitio;<\/p><\/li><li><p>\u00a0Cobrar las compras realizadas a trav\u00e9s del sitio (mediante\u00a0tarjeta de cr\u00e9dito)<\/p><\/li><li><p>\u201cRecordar\u201d su perfil en l\u00ednea y sus preferencias;<\/p><\/li><li><p>Ayudarle a encontrar con rapidez informaci\u00f3n que le interese y permitirnos que el contenido del sitio responsa a sus necesidades;<\/p><\/li><li><p>Realizar an\u00e1lisis estad\u00edsticos.<\/p><\/li><\/ul><p><strong>\u00bfQu\u00e9 ocurre si el usuario no quiere facilitar datos personales?<\/strong><br \/>Facilitar datos personales en el sitio de ASA es facultativo. Si un usuario decide no hacerlo, podr\u00e1 continuar navegando y utilizando el sitio del ASA, pero no podr\u00e1, por ejemplo, comprar art\u00edculos, suscribirse a un bolet\u00edn o postular a un empleo.<\/p><p><strong>Exclusi\u00f3n voluntaria y modificaci\u00f3n de los datos<\/strong><br \/>En cualquier momento, el usuario puede suprimir o modificar los datos facilitados volviendo a la p\u00e1gina web en la que los comunic\u00f3 por primera vez y dirigi\u00e9ndose al encargado de esa p\u00e1gina o al departamento pertinente de ASA. Si en la p\u00e1gina no se indica ad\u00f3nde debe dirigirse, se puede escribir a\u00a0<a href=\"https:\/\/www.unicef.org\/spanish\/about\/contactusform.html\">cont\u00e1ctenos<\/a>\u00a0para obtener m\u00e1s informaci\u00f3n.<\/p><p><strong>Seguridad<\/strong><br \/>ASA no vende a terceros, ni intercambia con ellos, ninguna informaci\u00f3n de identificaci\u00f3n personal voluntariamente consignada en su sitio web. Toda informaci\u00f3n que haya sido facilitada a ASA por los usuarios del sitio se conserva con el mayor cuidado y seguridad posibles, y s\u00f3lo se utilizar\u00e1 conforme a lo expresado en esta pol\u00edtica de privacidad, o en las pol\u00edticas propias de cada sitio, o a lo que el usuario haya autorizado expresamente. ASA emplea una serie de tecnolog\u00edas y medidas de seguridad para proteger la informaci\u00f3n conservada en sus sistemas contra p\u00e9rdidas, uso incorrecto, acceso o divulgaci\u00f3n no autorizados, alteraci\u00f3n o destrucci\u00f3n.<\/p><p>Sin embargo, ASA no asume ninguna responsabilidad por la seguridad de la informaci\u00f3n.<\/p><p>El sitio de ASA tiene enlaces a sitios ajenos al dominio solidaridadyaccion.org\u00a0 ASA no es responsable de las pr\u00e1cticas en materia de privacidad ni de los contenidos de tales sitios.<\/p><p><strong>Notificaci\u00f3n de cambios<\/strong><br \/>Toda modificaci\u00f3n de esta pol\u00edtica de privacidad se publicar\u00e1 en la p\u00e1gina principal de ASA, en la direcci\u00f3n\u00a0<a href=\"https:\/\/www.solidaridadyaccion.org\/\">https:\/\/www.solidaridadyaccion.org\/<\/a>.<\/p><p>Punto de contacto<\/p><p>Para formular preguntas o consultas respecto de esta pol\u00edtica de privacidad, s\u00edrvanse ponerse en\u00a0<a href=\"https:\/\/www.unicef.org\/spanish\/about\/contactusform.html\">contacto\u00a0<\/a>con nosotros en cont\u00e1ctenos escribiendo la palabra \u201cprivacidad\u201d en el tema.<\/p><p>*Cookies: un cookie es un n\u00famero reducido de datos que son enviados de un servidor web al navegador del usuario. Generalmente se utiliza para asignar una identificaci\u00f3n \u00fanica a su ordenador y almacenar en condiciones de seguridad datos tales como la identificaci\u00f3n del usuario, contrase\u00f1as, preferencias y perfiles en l\u00ednea. Se almacena en el disco duro de su ordenador. Si el usuario no desea que los sitios de ASA le env\u00eden cookies, puede cambiar la configuraci\u00f3n de su navegador. Para proteger la privacidad del usuario, el navegador s\u00f3lo permite a un sitio web acceder a los cookies que ya le ha enviado, no a los que le env\u00edan otros sitios.<\/p><p><strong>\u00a0<\/strong><\/p><p>Pol\u00edtica de devoluci\u00f3n<\/p><p>En ASA Ecuador obtenemos donaciones recurrentes a trav\u00e9s de campa\u00f1as de\u00a0<em>face to face\u00a0<\/em>(en la calle, centros comerciales, empresas y eventos),\u00a0<em>telemarketing<\/em>\u00a0llamadas a quienes se han contactado y digital (campa\u00f1as en\u00a0<em>Facebook<\/em>,\u00a0<em>google<\/em>\u00a0y en la p\u00e1gina web de ASA).<\/p><p>Los soportes de aceptaci\u00f3n de la donaci\u00f3n para cada caso son:<\/p><ul><li><p><strong>Face to fase y Telemarketing:<\/strong>\u00a0Formulario firmado<\/p><\/li><li><p><strong>Digital:<\/strong>\u00a0Inscripci\u00f3n aut\u00f3noma del donante v\u00eda web<\/p><\/li><\/ul><p><strong>Razones para que aplique una devoluci\u00f3n<\/strong><\/p><p>Cuando una persona se comunica con UNICEF\u00a0o con su banco para solicitar el reintegro del dinero descontado, puede ser por diferentes razones:<\/p><ul><li><p>No autoriz\u00f3 la donaci\u00f3n;<\/p><\/li><li><p>Entendi\u00f3 que la donaci\u00f3n era una \u00fanica vez;<\/p><\/li><li><p>Cancel\u00f3 su donaci\u00f3n y despu\u00e9s de esa fecha le fue realizado un nuevo d\u00e9bito o<\/p><\/li><li><p>El aporte le fue debitado m\u00e1s de una vez en el mismo mes.<\/p><\/li><\/ul><p>Debido a estas situaciones en ASA\u00a0contamos con una pol\u00edtica de devoluciones que busca\u00a0brindar transparencia y seguridad para todos los donantes. Esta pol\u00edtica hace referencia al proceso que se debe seguir para que la devoluci\u00f3n sea efectiva y se describe a continuaci\u00f3n:<\/p><p><strong>Proceso para solicitar una devoluci\u00f3n<\/strong><\/p><ol><li><p>La devoluci\u00f3n del dinero se debe solicitar por escrito (correo electr\u00f3nico) o a los tel\u00e9fonos de la asociaci\u00f3n en Quito +59322472999, indicando la raz\u00f3n de la solicitud.<\/p><\/li><li><p>Cuando se cancela la donaci\u00f3n se le explica al donante que durante ese mismo mes podr\u00eda recibir un d\u00e9bito en su cuenta\/tarjeta, si la cancelaci\u00f3n se realiz\u00f3 dentro del proceso de cierre de mes y cobro, puesto que los procesos se activan autom\u00e1ticamente, es decir, que la cancelaci\u00f3n ser\u00e1 efectiva para el mes siguiente.<\/p><\/li><li><p>Las instituciones financieras se toman un m\u00ednimo de 8 d\u00edas laborables y un m\u00e1ximo de 4 semanas para realizar el reintegro.<\/p><\/li><li><p>El dinero solicitado en devoluci\u00f3n ser\u00e1 transferido \u00fanicamente a la cuenta o tarjeta de cr\u00e9dito de la cual fue debitada.<\/p><\/li><li><p>La devoluci\u00f3n se realizar\u00e1 o por el valor del mes en que se realiza la solicitud o m\u00e1ximo por el equivalente a 3 meses del aporte mensual autorizado. La raz\u00f3n de esta condici\u00f3n es que pasado este tiempo el dinero recaudado ya ha sido asignado y utilizado en los diferentes programas que desarrolla ASA en Ecuador.<\/p><\/li><li><p>Si las razones por las que se solicita la devoluci\u00f3n del valor son el no haber autorizado el aporte o porque entendi\u00f3 que era una donaci\u00f3n por una sola vez (\u00fanica), el donante recibir\u00e1 una copia del formulario.<\/p><\/li><\/ol><p><strong>Excepciones:<\/strong><\/p><p>La p\u00e1gina de donaciones de ASA\u00a0es segura, sin embargo, existe un riesgo m\u00ednimo de fraude con tarjeta de cr\u00e9dito a trav\u00e9s de la p\u00e1gina. En estos casos ASA\u00a0devolver\u00e1 el dinero debitado cuando identifique el fraude o cuando la persona o el banco del tarjeta habiente, as\u00ed lo solicite. Los tiempos de la devoluci\u00f3n depender\u00e1n de la red bancaria y oscilan entre 8 d\u00edas laborables y 4 semanas.<\/p><\/div>\n\t\t\t\t<\/div>\n\t\t\t\t\t\t\t\t<\/div>\n\t\t\t\t<\/div>\n\t\t\t\t<\/div>\n\t\t\t\t\t<\/div>\n\t\t<\/div>\n\t\t\t\t\t\t\t<\/div>\n\t\t<\/section>\n\t\t\t\t<section class=\"elementor-section elementor-top-section elementor-element elementor-element-4dfb3a7 elementor-section-boxed elementor-section-height-default elementor-section-height-default\" data-id=\"4dfb3a7\" data-element_type=\"section\">\n\t\t\t\t\t\t<div class=\"elementor-container elementor-column-gap-default\">\n\t\t\t\t\t<div class=\"elementor-column elementor-col-100 elementor-top-column elementor-element elementor-element-fe8e00d\" data-id=\"fe8e00d\" data-element_type=\"column\">\n\t\t\t<div class=\"elementor-widget-wrap\">\n\t\t\t\t\t\t\t\t\t<\/div>\n\t\t<\/div>\n\t\t\t\t\t\t\t<\/div>\n\t\t<\/section>\n\t\t\t\t\t\t\t<\/div>\n\t\t","protected":false},"excerpt":{"rendered":"<p>Contactos Direcci\u00f3n: Francisco S\u00e1nchez N82-13 y Miguel de la Rosa (Sector Carcel\u00e9n) Tel\u00e9fonos: (+593) 2485-072\/ 2427-999\u00a0 \u00a0 Email: info@asosolac.org Facebook: @asa.ecuador\u00a0 \u00a0 \u00a0 Ig: @asa_solidaridadyaccion\u00a0 Facebook Instagram Ingresa tus datos personales POL\u00cdTICA DE PRIVACIDAD La privacidad del usuario de Internet es de capital importancia para la Asociaci\u00f3n Solidaridad y Acci\u00f3n ASA. En esta declaraci\u00f3n sobre &#8230; <a title=\"Contacto\" class=\"read-more\" href=\"https:\/\/solidaridadyaccion.org\/index.php\/es\/contacto\/\" aria-label=\"More on Contacto\">Read more<\/a><\/p>\n","protected":false},"author":1,"featured_media":0,"parent":0,"menu_order":0,"comment_status":"closed","ping_status":"closed","template":"","meta":[],"_links":{"self":[{"href":"https:\/\/solidaridadyaccion.org\/index.php\/wp-json\/wp\/v2\/pages\/32"}],"collection":[{"href":"https:\/\/solidaridadyaccion.org\/index.php\/wp-json\/wp\/v2\/pages"}],"about":[{"href":"https:\/\/solidaridadyaccion.org\/index.php\/wp-json\/wp\/v2\/types\/page"}],"author":[{"embeddable":true,"href":"https:\/\/solidaridadyaccion.org\/index.php\/wp-json\/wp\/v2\/users\/1"}],"replies":[{"embeddable":true,"href":"https:\/\/solidaridadyaccion.org\/index.php\/wp-json\/wp\/v2\/comments?post=32"}],"version-history":[{"count":62,"href":"https:\/\/solidaridadyaccion.org\/index.php\/wp-json\/wp\/v2\/pages\/32\/revisions"}],"predecessor-version":[{"id":643,"href":"https:\/\/solidaridadyaccion.org\/index.php\/wp-json\/wp\/v2\/pages\/32\/revisions\/643"}],"wp:attachment":[{"href":"https:\/\/solidaridadyaccion.org\/index.php\/wp-json\/wp\/v2\/media?parent=32"}],"curies":[{"name":"wp","href":"https:\/\/api.w.org\/{rel}","templated":true}]}}