{"id":28,"date":"2021-03-31T16:54:44","date_gmt":"2021-03-31T16:54:44","guid":{"rendered":"https:\/\/solidaridadyaccion.org\/web2\/?page_id=28"},"modified":"2021-04-15T20:07:16","modified_gmt":"2021-04-15T20:07:16","slug":"voluntariado","status":"publish","type":"page","link":"https:\/\/solidaridadyaccion.org\/index.php\/es\/voluntariado\/","title":{"rendered":"Voluntariado"},"content":{"rendered":"\t\t<div data-elementor-type=\"wp-page\" data-elementor-id=\"28\" class=\"elementor elementor-28\">\n\t\t\t\t\t\t\t\t\t<section class=\"elementor-section elementor-top-section elementor-element elementor-element-46d91e7 elementor-section-height-min-height elementor-section-boxed elementor-section-height-default elementor-section-items-middle\" data-id=\"46d91e7\" data-element_type=\"section\" data-settings=\"{&quot;background_background&quot;:&quot;classic&quot;}\">\n\t\t\t\t\t\t\t<div class=\"elementor-background-overlay\"><\/div>\n\t\t\t\t\t\t\t<div class=\"elementor-container elementor-column-gap-default\">\n\t\t\t\t\t<div class=\"elementor-column elementor-col-100 elementor-top-column elementor-element elementor-element-65c2ac42\" data-id=\"65c2ac42\" data-element_type=\"column\">\n\t\t\t<div class=\"elementor-widget-wrap elementor-element-populated\">\n\t\t\t\t\t\t\t\t<div class=\"elementor-element elementor-element-18d8d39 elementor-widget elementor-widget-heading\" data-id=\"18d8d39\" data-element_type=\"widget\" data-widget_type=\"heading.default\">\n\t\t\t\t<div class=\"elementor-widget-container\">\n\t\t\t<h3 class=\"elementor-heading-title elementor-size-default\">VOLUNTARIADO<\/h3>\t\t<\/div>\n\t\t\t\t<\/div>\n\t\t\t\t<div class=\"elementor-element elementor-element-58034af9 elementor-widget-divider--view-line elementor-widget elementor-widget-divider\" data-id=\"58034af9\" data-element_type=\"widget\" data-widget_type=\"divider.default\">\n\t\t\t\t<div class=\"elementor-widget-container\">\n\t\t\t\t\t<div class=\"elementor-divider\">\n\t\t\t<span class=\"elementor-divider-separator\">\n\t\t\t\t\t\t<\/span>\n\t\t<\/div>\n\t\t\t\t<\/div>\n\t\t\t\t<\/div>\n\t\t\t\t\t<\/div>\n\t\t<\/div>\n\t\t\t\t\t\t\t<\/div>\n\t\t<\/section>\n\t\t\t\t<section class=\"elementor-section elementor-top-section elementor-element elementor-element-cab0c64 elementor-section-boxed elementor-section-height-default elementor-section-height-default\" data-id=\"cab0c64\" data-element_type=\"section\">\n\t\t\t\t\t\t<div class=\"elementor-container elementor-column-gap-default\">\n\t\t\t\t\t<div class=\"elementor-column elementor-col-100 elementor-top-column elementor-element elementor-element-d8bfcb3\" data-id=\"d8bfcb3\" data-element_type=\"column\">\n\t\t\t<div class=\"elementor-widget-wrap elementor-element-populated\">\n\t\t\t\t\t\t\t\t<div class=\"elementor-element elementor-element-e6c277e elementor-widget elementor-widget-spacer\" data-id=\"e6c277e\" data-element_type=\"widget\" data-widget_type=\"spacer.default\">\n\t\t\t\t<div class=\"elementor-widget-container\">\n\t\t\t\t\t<div class=\"elementor-spacer\">\n\t\t\t<div class=\"elementor-spacer-inner\"><\/div>\n\t\t<\/div>\n\t\t\t\t<\/div>\n\t\t\t\t<\/div>\n\t\t\t\t\t<\/div>\n\t\t<\/div>\n\t\t\t\t\t\t\t<\/div>\n\t\t<\/section>\n\t\t\t\t<section class=\"elementor-section elementor-top-section elementor-element elementor-element-157b9cb9 elementor-section-full_width elementor-reverse-tablet elementor-reverse-mobile elementor-section-height-default elementor-section-height-default\" data-id=\"157b9cb9\" data-element_type=\"section\">\n\t\t\t\t\t\t<div class=\"elementor-container elementor-column-gap-default\">\n\t\t\t\t\t<div class=\"elementor-column elementor-col-33 elementor-top-column elementor-element elementor-element-16a9783c\" data-id=\"16a9783c\" data-element_type=\"column\">\n\t\t\t<div class=\"elementor-widget-wrap elementor-element-populated\">\n\t\t\t\t\t\t\t\t<div class=\"elementor-element elementor-element-49159213 elementor-widget elementor-widget-image\" data-id=\"49159213\" data-element_type=\"widget\" data-widget_type=\"image.default\">\n\t\t\t\t<div class=\"elementor-widget-container\">\n\t\t\t\t\t\t\t\t\t\t\t\t\t\t\t<img width=\"2560\" height=\"1707\" src=\"https:\/\/solidaridadyaccion.org\/wp-content\/uploads\/2021\/04\/IMG_9533-scaled.jpg\" class=\"elementor-animation-float attachment-full size-full wp-image-335\" alt=\"\" loading=\"lazy\" srcset=\"https:\/\/solidaridadyaccion.org\/wp-content\/uploads\/2021\/04\/IMG_9533-scaled.jpg 2560w, https:\/\/solidaridadyaccion.org\/wp-content\/uploads\/2021\/04\/IMG_9533-300x200.jpg 300w, https:\/\/solidaridadyaccion.org\/wp-content\/uploads\/2021\/04\/IMG_9533-1024x683.jpg 1024w, https:\/\/solidaridadyaccion.org\/wp-content\/uploads\/2021\/04\/IMG_9533-768x512.jpg 768w, https:\/\/solidaridadyaccion.org\/wp-content\/uploads\/2021\/04\/IMG_9533-1536x1024.jpg 1536w, https:\/\/solidaridadyaccion.org\/wp-content\/uploads\/2021\/04\/IMG_9533-2048x1365.jpg 2048w\" sizes=\"(max-width: 2560px) 100vw, 2560px\" \/>\t\t\t\t\t\t\t\t\t\t\t\t\t\t\t<\/div>\n\t\t\t\t<\/div>\n\t\t\t\t<div class=\"elementor-element elementor-element-5be65342 elementor-widget elementor-widget-image\" data-id=\"5be65342\" data-element_type=\"widget\" data-widget_type=\"image.default\">\n\t\t\t\t<div class=\"elementor-widget-container\">\n\t\t\t\t\t\t\t\t\t\t\t\t\t\t\t<img width=\"2560\" height=\"1707\" src=\"https:\/\/solidaridadyaccion.org\/wp-content\/uploads\/2021\/04\/IMG_0660-scaled.jpg\" class=\"elementor-animation-float attachment-full size-full wp-image-332\" alt=\"\" loading=\"lazy\" srcset=\"https:\/\/solidaridadyaccion.org\/wp-content\/uploads\/2021\/04\/IMG_0660-scaled.jpg 2560w, https:\/\/solidaridadyaccion.org\/wp-content\/uploads\/2021\/04\/IMG_0660-300x200.jpg 300w, https:\/\/solidaridadyaccion.org\/wp-content\/uploads\/2021\/04\/IMG_0660-1024x683.jpg 1024w, https:\/\/solidaridadyaccion.org\/wp-content\/uploads\/2021\/04\/IMG_0660-768x512.jpg 768w, https:\/\/solidaridadyaccion.org\/wp-content\/uploads\/2021\/04\/IMG_0660-1536x1024.jpg 1536w, https:\/\/solidaridadyaccion.org\/wp-content\/uploads\/2021\/04\/IMG_0660-2048x1365.jpg 2048w\" sizes=\"(max-width: 2560px) 100vw, 2560px\" \/>\t\t\t\t\t\t\t\t\t\t\t\t\t\t\t<\/div>\n\t\t\t\t<\/div>\n\t\t\t\t\t<\/div>\n\t\t<\/div>\n\t\t\t\t<div class=\"elementor-column elementor-col-33 elementor-top-column elementor-element elementor-element-c71c947\" data-id=\"c71c947\" data-element_type=\"column\">\n\t\t\t<div class=\"elementor-widget-wrap elementor-element-populated\">\n\t\t\t\t\t\t\t\t<div class=\"elementor-element elementor-element-170e0afd elementor-widget elementor-widget-image\" data-id=\"170e0afd\" data-element_type=\"widget\" data-widget_type=\"image.default\">\n\t\t\t\t<div class=\"elementor-widget-container\">\n\t\t\t\t\t\t\t\t\t\t\t\t\t\t\t<img width=\"1024\" height=\"683\" src=\"https:\/\/solidaridadyaccion.org\/wp-content\/uploads\/2021\/04\/IMG_9407-1024x683.jpg\" class=\"elementor-animation-float attachment-large size-large wp-image-334\" alt=\"\" loading=\"lazy\" srcset=\"https:\/\/solidaridadyaccion.org\/wp-content\/uploads\/2021\/04\/IMG_9407-1024x683.jpg 1024w, https:\/\/solidaridadyaccion.org\/wp-content\/uploads\/2021\/04\/IMG_9407-300x200.jpg 300w, https:\/\/solidaridadyaccion.org\/wp-content\/uploads\/2021\/04\/IMG_9407-768x512.jpg 768w, https:\/\/solidaridadyaccion.org\/wp-content\/uploads\/2021\/04\/IMG_9407-1536x1024.jpg 1536w, https:\/\/solidaridadyaccion.org\/wp-content\/uploads\/2021\/04\/IMG_9407-2048x1365.jpg 2048w\" sizes=\"(max-width: 1024px) 100vw, 1024px\" \/>\t\t\t\t\t\t\t\t\t\t\t\t\t\t\t<\/div>\n\t\t\t\t<\/div>\n\t\t\t\t<div class=\"elementor-element elementor-element-243cfb1e elementor-widget elementor-widget-image\" data-id=\"243cfb1e\" data-element_type=\"widget\" data-widget_type=\"image.default\">\n\t\t\t\t<div class=\"elementor-widget-container\">\n\t\t\t\t\t\t\t\t\t\t\t\t\t\t\t<img width=\"2560\" height=\"1707\" src=\"https:\/\/solidaridadyaccion.org\/wp-content\/uploads\/2021\/04\/IMG_8178-scaled.jpg\" class=\"elementor-animation-float attachment-full size-full wp-image-333\" alt=\"\" loading=\"lazy\" srcset=\"https:\/\/solidaridadyaccion.org\/wp-content\/uploads\/2021\/04\/IMG_8178-scaled.jpg 2560w, https:\/\/solidaridadyaccion.org\/wp-content\/uploads\/2021\/04\/IMG_8178-300x200.jpg 300w, https:\/\/solidaridadyaccion.org\/wp-content\/uploads\/2021\/04\/IMG_8178-1024x683.jpg 1024w, https:\/\/solidaridadyaccion.org\/wp-content\/uploads\/2021\/04\/IMG_8178-768x512.jpg 768w, https:\/\/solidaridadyaccion.org\/wp-content\/uploads\/2021\/04\/IMG_8178-1536x1024.jpg 1536w, https:\/\/solidaridadyaccion.org\/wp-content\/uploads\/2021\/04\/IMG_8178-2048x1365.jpg 2048w\" sizes=\"(max-width: 2560px) 100vw, 2560px\" \/>\t\t\t\t\t\t\t\t\t\t\t\t\t\t\t<\/div>\n\t\t\t\t<\/div>\n\t\t\t\t\t<\/div>\n\t\t<\/div>\n\t\t\t\t<div class=\"elementor-column elementor-col-33 elementor-top-column elementor-element elementor-element-38f656c9\" data-id=\"38f656c9\" data-element_type=\"column\">\n\t\t\t<div class=\"elementor-widget-wrap elementor-element-populated\">\n\t\t\t\t\t\t\t\t<section class=\"elementor-section elementor-inner-section elementor-element elementor-element-3a67cf46 elementor-section-boxed elementor-section-height-default elementor-section-height-default\" data-id=\"3a67cf46\" data-element_type=\"section\">\n\t\t\t\t\t\t<div class=\"elementor-container elementor-column-gap-default\">\n\t\t\t\t\t<div class=\"elementor-column elementor-col-100 elementor-inner-column elementor-element elementor-element-4152885b\" data-id=\"4152885b\" data-element_type=\"column\">\n\t\t\t<div class=\"elementor-widget-wrap elementor-element-populated\">\n\t\t\t\t\t\t\t\t<div class=\"elementor-element elementor-element-1df6fdcf elementor-widget elementor-widget-text-editor\" data-id=\"1df6fdcf\" data-element_type=\"widget\" data-widget_type=\"text-editor.default\">\n\t\t\t\t<div class=\"elementor-widget-container\">\n\t\t\t\t\t\t\t<p>Somos una propuesta de intercambio cultural, damos una respuesta a la necesidad de recibir voluntarios en las \u00e1reas de ASA, \u00a0en visitar el pa\u00eds, colaborar en proyectos productivos y sociales; realizar estudios, o conocer el pa\u00eds desde otra perspectiva.<\/p><p>El fin del Spondylus es el conocer y conocernos, intercambiar experiencias de realidades distintas sin prejuicios: raciales, sociales, econ\u00f3micos; donde se recupere al ser humano como sujeto de cambio, nuestros pasantes extranjeros comparten y trabajan dentro de los servicios que presta nuestra organizaci\u00f3n, creando as\u00ed experiencias de cari\u00f1o y solidaridad para compartir con los suyos<\/p>\t\t\t\t\t\t<\/div>\n\t\t\t\t<\/div>\n\t\t\t\t\t<\/div>\n\t\t<\/div>\n\t\t\t\t\t\t\t<\/div>\n\t\t<\/section>\n\t\t\t\t\t<\/div>\n\t\t<\/div>\n\t\t\t\t\t\t\t<\/div>\n\t\t<\/section>\n\t\t\t\t\t\t\t<\/div>\n\t\t","protected":false},"excerpt":{"rendered":"<p>VOLUNTARIADO Somos una propuesta de intercambio cultural, damos una respuesta a la necesidad de recibir voluntarios en las \u00e1reas de ASA, \u00a0en visitar el pa\u00eds, colaborar en proyectos productivos y sociales; realizar estudios, o conocer el pa\u00eds desde otra perspectiva. El fin del Spondylus es el conocer y conocernos, intercambiar experiencias de realidades distintas sin &#8230; <a title=\"Voluntariado\" class=\"read-more\" href=\"https:\/\/solidaridadyaccion.org\/index.php\/es\/voluntariado\/\" aria-label=\"More on Voluntariado\">Read more<\/a><\/p>\n","protected":false},"author":1,"featured_media":0,"parent":0,"menu_order":0,"comment_status":"closed","ping_status":"closed","template":"","meta":[],"_links":{"self":[{"href":"https:\/\/solidaridadyaccion.org\/index.php\/wp-json\/wp\/v2\/pages\/28"}],"collection":[{"href":"https:\/\/solidaridadyaccion.org\/index.php\/wp-json\/wp\/v2\/pages"}],"about":[{"href":"https:\/\/solidaridadyaccion.org\/index.php\/wp-json\/wp\/v2\/types\/page"}],"author":[{"embeddable":true,"href":"https:\/\/solidaridadyaccion.org\/index.php\/wp-json\/wp\/v2\/users\/1"}],"replies":[{"embeddable":true,"href":"https:\/\/solidaridadyaccion.org\/index.php\/wp-json\/wp\/v2\/comments?post=28"}],"version-history":[{"count":10,"href":"https:\/\/solidaridadyaccion.org\/index.php\/wp-json\/wp\/v2\/pages\/28\/revisions"}],"predecessor-version":[{"id":342,"href":"https:\/\/solidaridadyaccion.org\/index.php\/wp-json\/wp\/v2\/pages\/28\/revisions\/342"}],"wp:attachment":[{"href":"https:\/\/solidaridadyaccion.org\/index.php\/wp-json\/wp\/v2\/media?parent=28"}],"curies":[{"name":"wp","href":"https:\/\/api.w.org\/{rel}","templated":true}]}}