{"id":26,"date":"2021-03-31T16:53:11","date_gmt":"2021-03-31T16:53:11","guid":{"rendered":"https:\/\/solidaridadyaccion.org\/web2\/?page_id=26"},"modified":"2021-04-15T20:06:26","modified_gmt":"2021-04-15T20:06:26","slug":"educacion","status":"publish","type":"page","link":"https:\/\/solidaridadyaccion.org\/index.php\/es\/educacion\/","title":{"rendered":"Educaci\u00f3n"},"content":{"rendered":"\t\t<div data-elementor-type=\"wp-page\" data-elementor-id=\"26\" class=\"elementor elementor-26\">\n\t\t\t\t\t\t\t\t\t<section class=\"elementor-section elementor-top-section elementor-element elementor-element-2ea75ed0 elementor-section-height-min-height elementor-section-boxed elementor-section-height-default elementor-section-items-middle\" data-id=\"2ea75ed0\" data-element_type=\"section\" data-settings=\"{&quot;background_background&quot;:&quot;classic&quot;}\">\n\t\t\t\t\t\t\t<div class=\"elementor-background-overlay\"><\/div>\n\t\t\t\t\t\t\t<div class=\"elementor-container elementor-column-gap-default\">\n\t\t\t\t\t<div class=\"elementor-column elementor-col-100 elementor-top-column elementor-element elementor-element-2d1e95b7\" data-id=\"2d1e95b7\" data-element_type=\"column\">\n\t\t\t<div class=\"elementor-widget-wrap elementor-element-populated\">\n\t\t\t\t\t\t\t\t<div class=\"elementor-element elementor-element-2d5969fa elementor-widget elementor-widget-heading\" data-id=\"2d5969fa\" data-element_type=\"widget\" data-widget_type=\"heading.default\">\n\t\t\t\t<div class=\"elementor-widget-container\">\n\t\t\t<h3 class=\"elementor-heading-title elementor-size-default\">EDUCACI\u00d3N<\/h3>\t\t<\/div>\n\t\t\t\t<\/div>\n\t\t\t\t<div class=\"elementor-element elementor-element-622f1534 elementor-widget-divider--view-line elementor-widget elementor-widget-divider\" data-id=\"622f1534\" data-element_type=\"widget\" data-widget_type=\"divider.default\">\n\t\t\t\t<div class=\"elementor-widget-container\">\n\t\t\t\t\t<div class=\"elementor-divider\">\n\t\t\t<span class=\"elementor-divider-separator\">\n\t\t\t\t\t\t<\/span>\n\t\t<\/div>\n\t\t\t\t<\/div>\n\t\t\t\t<\/div>\n\t\t\t\t\t<\/div>\n\t\t<\/div>\n\t\t\t\t\t\t\t<\/div>\n\t\t<\/section>\n\t\t\t\t<section class=\"elementor-section elementor-top-section elementor-element elementor-element-50a63e51 elementor-section-full_width elementor-section-height-min-height elementor-section-items-stretch elementor-reverse-tablet elementor-reverse-mobile elementor-section-height-default\" data-id=\"50a63e51\" data-element_type=\"section\">\n\t\t\t\t\t\t<div class=\"elementor-container elementor-column-gap-default\">\n\t\t\t\t\t<div class=\"elementor-column elementor-col-50 elementor-top-column elementor-element elementor-element-72b697b9\" data-id=\"72b697b9\" data-element_type=\"column\" data-settings=\"{&quot;background_background&quot;:&quot;classic&quot;}\">\n\t\t\t<div class=\"elementor-widget-wrap elementor-element-populated\">\n\t\t\t\t\t\t\t\t<div class=\"elementor-element elementor-element-2f4ce794 elementor-widget elementor-widget-image\" data-id=\"2f4ce794\" data-element_type=\"widget\" data-widget_type=\"image.default\">\n\t\t\t\t<div class=\"elementor-widget-container\">\n\t\t\t\t\t\t\t\t\t\t\t\t\t\t\t<img width=\"2560\" height=\"1707\" src=\"https:\/\/solidaridadyaccion.org\/wp-content\/uploads\/2021\/04\/IMG_0656-scaled.jpg\" class=\"attachment-full size-full wp-image-282\" alt=\"\" loading=\"lazy\" srcset=\"https:\/\/solidaridadyaccion.org\/wp-content\/uploads\/2021\/04\/IMG_0656-scaled.jpg 2560w, https:\/\/solidaridadyaccion.org\/wp-content\/uploads\/2021\/04\/IMG_0656-300x200.jpg 300w, https:\/\/solidaridadyaccion.org\/wp-content\/uploads\/2021\/04\/IMG_0656-1024x683.jpg 1024w, https:\/\/solidaridadyaccion.org\/wp-content\/uploads\/2021\/04\/IMG_0656-768x512.jpg 768w, https:\/\/solidaridadyaccion.org\/wp-content\/uploads\/2021\/04\/IMG_0656-1536x1024.jpg 1536w, https:\/\/solidaridadyaccion.org\/wp-content\/uploads\/2021\/04\/IMG_0656-2048x1365.jpg 2048w\" sizes=\"(max-width: 2560px) 100vw, 2560px\" \/>\t\t\t\t\t\t\t\t\t\t\t\t\t\t\t<\/div>\n\t\t\t\t<\/div>\n\t\t\t\t\t<\/div>\n\t\t<\/div>\n\t\t\t\t<div class=\"elementor-column elementor-col-50 elementor-top-column elementor-element elementor-element-1e9595b4\" data-id=\"1e9595b4\" data-element_type=\"column\">\n\t\t\t<div class=\"elementor-widget-wrap elementor-element-populated\">\n\t\t\t\t\t\t\t\t<div class=\"elementor-element elementor-element-5aa7366e elementor-widget elementor-widget-heading\" data-id=\"5aa7366e\" data-element_type=\"widget\" data-widget_type=\"heading.default\">\n\t\t\t\t<div class=\"elementor-widget-container\">\n\t\t\t<h2 class=\"elementor-heading-title elementor-size-default\">En Educaci\u00f3n<\/h2>\t\t<\/div>\n\t\t\t\t<\/div>\n\t\t\t\t<div class=\"elementor-element elementor-element-3ddcfe11 elementor-widget elementor-widget-text-editor\" data-id=\"3ddcfe11\" data-element_type=\"widget\" data-widget_type=\"text-editor.default\">\n\t\t\t\t<div class=\"elementor-widget-container\">\n\t\t\t\t\t\t\t<p>Optamos por fortalecer y crear herramientas pedag\u00f3gicas y humanas que permitan dentro de la labor cotidiana brindar una atenci\u00f3n integral eficaz, eficiente y de calidad a los ni\u00f1os, ni\u00f1as, adolescentes, j\u00f3venes, adultos y comunidades.<\/p><p>Nuestros objetivos son el aprendizaje colectivo de los valores, destrezas psico-motrices, desarrollo intelectual y emocional, cuidado en la nutrici\u00f3n, socializaci\u00f3n y autoestima; desde el principio de la integralidad de la persona. Son 20 los educadores que diariamente tienen contacto con los usuarios, de los que el 95% son mujeres. Los servicios que ofrecemos son:<\/p>\t\t\t\t\t\t<\/div>\n\t\t\t\t<\/div>\n\t\t\t\t\t<\/div>\n\t\t<\/div>\n\t\t\t\t\t\t\t<\/div>\n\t\t<\/section>\n\t\t\t\t<section class=\"elementor-section elementor-top-section elementor-element elementor-element-71a5d810 elementor-section-full_width elementor-section-height-min-height elementor-section-items-stretch elementor-reverse-tablet elementor-reverse-mobile elementor-section-height-default\" data-id=\"71a5d810\" data-element_type=\"section\">\n\t\t\t\t\t\t<div class=\"elementor-container elementor-column-gap-default\">\n\t\t\t\t\t<div class=\"elementor-column elementor-col-50 elementor-top-column elementor-element elementor-element-63499e2b\" data-id=\"63499e2b\" data-element_type=\"column\" data-settings=\"{&quot;background_background&quot;:&quot;classic&quot;}\">\n\t\t\t<div class=\"elementor-widget-wrap elementor-element-populated\">\n\t\t\t\t\t\t\t\t<div class=\"elementor-element elementor-element-b8b0226 elementor-widget elementor-widget-image\" data-id=\"b8b0226\" data-element_type=\"widget\" data-widget_type=\"image.default\">\n\t\t\t\t<div class=\"elementor-widget-container\">\n\t\t\t\t\t\t\t\t\t\t\t\t\t\t\t<img width=\"1920\" height=\"1280\" src=\"https:\/\/solidaridadyaccion.org\/wp-content\/uploads\/2021\/04\/IMG_2330.jpg\" class=\"attachment-full size-full wp-image-284\" alt=\"\" loading=\"lazy\" srcset=\"https:\/\/solidaridadyaccion.org\/wp-content\/uploads\/2021\/04\/IMG_2330.jpg 1920w, https:\/\/solidaridadyaccion.org\/wp-content\/uploads\/2021\/04\/IMG_2330-300x200.jpg 300w, https:\/\/solidaridadyaccion.org\/wp-content\/uploads\/2021\/04\/IMG_2330-1024x683.jpg 1024w, https:\/\/solidaridadyaccion.org\/wp-content\/uploads\/2021\/04\/IMG_2330-768x512.jpg 768w, https:\/\/solidaridadyaccion.org\/wp-content\/uploads\/2021\/04\/IMG_2330-1536x1024.jpg 1536w\" sizes=\"(max-width: 1920px) 100vw, 1920px\" \/>\t\t\t\t\t\t\t\t\t\t\t\t\t\t\t<\/div>\n\t\t\t\t<\/div>\n\t\t\t\t\t<\/div>\n\t\t<\/div>\n\t\t\t\t<div class=\"elementor-column elementor-col-50 elementor-top-column elementor-element elementor-element-4e408218\" data-id=\"4e408218\" data-element_type=\"column\">\n\t\t\t<div class=\"elementor-widget-wrap elementor-element-populated\">\n\t\t\t\t\t\t\t\t<div class=\"elementor-element elementor-element-52b7a715 elementor-widget elementor-widget-heading\" data-id=\"52b7a715\" data-element_type=\"widget\" data-widget_type=\"heading.default\">\n\t\t\t\t<div class=\"elementor-widget-container\">\n\t\t\t<h2 class=\"elementor-heading-title elementor-size-default\">Servicios<\/h2>\t\t<\/div>\n\t\t\t\t<\/div>\n\t\t\t\t<div class=\"elementor-element elementor-element-188056b9 elementor-widget elementor-widget-text-editor\" data-id=\"188056b9\" data-element_type=\"widget\" data-widget_type=\"text-editor.default\">\n\t\t\t\t<div class=\"elementor-widget-container\">\n\t\t\t\t\t\t\t<ul><li><strong>Centros de Desarrollo Infantil (CDI): <\/strong>Los ni\u00f1os y ni\u00f1as de uno a tres a\u00f1os de edad que asisten a los Centros Infantiles, reciben atenci\u00f3n nutricional y psicomotriz. El objetivo es potenciar con nuevas metodolog\u00edas las capacidades de los ni\u00f1os y ni\u00f1as.<\/li><\/ul><p>\u00a0<\/p><ul><li><strong>Centros de Apoyo Integral y Comunitario (CAI): <\/strong>Los ni\u00f1os y ni\u00f1as de 3 a 12 a\u00f1os de edad asisten a los centros de apoyo escolar y reciben atenci\u00f3n nutricional y nivelaci\u00f3n escolar, desde el acompa\u00f1amiento en las tareas escolares. El objetivo es potenciar sus destrezas cognitivas, de socializaci\u00f3n y de autoestima para un \u00f3ptimo desempe\u00f1o escolar, y evitar la callejizaci\u00f3n.<\/li><\/ul>\t\t\t\t\t\t<\/div>\n\t\t\t\t<\/div>\n\t\t\t\t\t<\/div>\n\t\t<\/div>\n\t\t\t\t\t\t\t<\/div>\n\t\t<\/section>\n\t\t\t\t\t\t\t<\/div>\n\t\t","protected":false},"excerpt":{"rendered":"<p>EDUCACI\u00d3N En Educaci\u00f3n Optamos por fortalecer y crear herramientas pedag\u00f3gicas y humanas que permitan dentro de la labor cotidiana brindar una atenci\u00f3n integral eficaz, eficiente y de calidad a los ni\u00f1os, ni\u00f1as, adolescentes, j\u00f3venes, adultos y comunidades. Nuestros objetivos son el aprendizaje colectivo de los valores, destrezas psico-motrices, desarrollo intelectual y emocional, cuidado en la &#8230; <a title=\"Educaci\u00f3n\" class=\"read-more\" href=\"https:\/\/solidaridadyaccion.org\/index.php\/es\/educacion\/\" aria-label=\"More on Educaci\u00f3n\">Read more<\/a><\/p>\n","protected":false},"author":1,"featured_media":0,"parent":0,"menu_order":0,"comment_status":"closed","ping_status":"closed","template":"","meta":[],"_links":{"self":[{"href":"https:\/\/solidaridadyaccion.org\/index.php\/wp-json\/wp\/v2\/pages\/26"}],"collection":[{"href":"https:\/\/solidaridadyaccion.org\/index.php\/wp-json\/wp\/v2\/pages"}],"about":[{"href":"https:\/\/solidaridadyaccion.org\/index.php\/wp-json\/wp\/v2\/types\/page"}],"author":[{"embeddable":true,"href":"https:\/\/solidaridadyaccion.org\/index.php\/wp-json\/wp\/v2\/users\/1"}],"replies":[{"embeddable":true,"href":"https:\/\/solidaridadyaccion.org\/index.php\/wp-json\/wp\/v2\/comments?post=26"}],"version-history":[{"count":16,"href":"https:\/\/solidaridadyaccion.org\/index.php\/wp-json\/wp\/v2\/pages\/26\/revisions"}],"predecessor-version":[{"id":293,"href":"https:\/\/solidaridadyaccion.org\/index.php\/wp-json\/wp\/v2\/pages\/26\/revisions\/293"}],"wp:attachment":[{"href":"https:\/\/solidaridadyaccion.org\/index.php\/wp-json\/wp\/v2\/media?parent=26"}],"curies":[{"name":"wp","href":"https:\/\/api.w.org\/{rel}","templated":true}]}}