{"id":21,"date":"2021-03-31T16:49:28","date_gmt":"2021-03-31T16:49:28","guid":{"rendered":"https:\/\/solidaridadyaccion.org\/web2\/?page_id=21"},"modified":"2021-04-15T20:06:03","modified_gmt":"2021-04-15T20:06:03","slug":"acogimiento","status":"publish","type":"page","link":"https:\/\/solidaridadyaccion.org\/index.php\/es\/acogimiento\/","title":{"rendered":"Acogimiento"},"content":{"rendered":"\t\t<div data-elementor-type=\"wp-page\" data-elementor-id=\"21\" class=\"elementor elementor-21\">\n\t\t\t\t\t\t\t\t\t<section class=\"elementor-section elementor-top-section elementor-element elementor-element-6c0bca31 elementor-section-height-min-height elementor-section-boxed elementor-section-height-default elementor-section-items-middle\" data-id=\"6c0bca31\" data-element_type=\"section\" data-settings=\"{&quot;background_background&quot;:&quot;classic&quot;}\">\n\t\t\t\t\t\t\t<div class=\"elementor-background-overlay\"><\/div>\n\t\t\t\t\t\t\t<div class=\"elementor-container elementor-column-gap-default\">\n\t\t\t\t\t<div class=\"elementor-column elementor-col-100 elementor-top-column elementor-element elementor-element-11be1a92\" data-id=\"11be1a92\" data-element_type=\"column\">\n\t\t\t<div class=\"elementor-widget-wrap elementor-element-populated\">\n\t\t\t\t\t\t\t\t<div class=\"elementor-element elementor-element-7daa4a82 elementor-widget elementor-widget-heading\" data-id=\"7daa4a82\" data-element_type=\"widget\" data-widget_type=\"heading.default\">\n\t\t\t\t<div class=\"elementor-widget-container\">\n\t\t\t<h3 class=\"elementor-heading-title elementor-size-default\">NI\u00d1EZ Y FAMILIA \u2013 APOYO FAMILIAR y ACOGIMIENTO INSTITUCIONAL<\/h3>\t\t<\/div>\n\t\t\t\t<\/div>\n\t\t\t\t<div class=\"elementor-element elementor-element-fbc5150 elementor-widget-divider--view-line elementor-widget elementor-widget-divider\" data-id=\"fbc5150\" data-element_type=\"widget\" data-widget_type=\"divider.default\">\n\t\t\t\t<div class=\"elementor-widget-container\">\n\t\t\t\t\t<div class=\"elementor-divider\">\n\t\t\t<span class=\"elementor-divider-separator\">\n\t\t\t\t\t\t<\/span>\n\t\t<\/div>\n\t\t\t\t<\/div>\n\t\t\t\t<\/div>\n\t\t\t\t\t<\/div>\n\t\t<\/div>\n\t\t\t\t\t\t\t<\/div>\n\t\t<\/section>\n\t\t\t\t<section class=\"elementor-section elementor-top-section elementor-element elementor-element-912707e elementor-section-boxed elementor-section-height-default elementor-section-height-default\" data-id=\"912707e\" data-element_type=\"section\">\n\t\t\t\t\t\t<div class=\"elementor-container elementor-column-gap-default\">\n\t\t\t\t\t<div class=\"elementor-column elementor-col-50 elementor-top-column elementor-element elementor-element-b9a78a0\" data-id=\"b9a78a0\" data-element_type=\"column\">\n\t\t\t<div class=\"elementor-widget-wrap elementor-element-populated\">\n\t\t\t\t\t\t\t\t<div class=\"elementor-element elementor-element-d8e888d elementor-widget elementor-widget-text-editor\" data-id=\"d8e888d\" data-element_type=\"widget\" data-widget_type=\"text-editor.default\">\n\t\t\t\t<div class=\"elementor-widget-container\">\n\t\t\t\t\t\t\t<p>Estimulamos alternativas para resolver los conflictos en maltrato psicol\u00f3gico y f\u00edsico, desestructuraci\u00f3n familiar, alcoholismo, abuso sexual y abandono, para ni\u00f1os, ni\u00f1as y adolescentes \u2013 NNA privados o en riesgo de perder su medio familiar y sus familias, as\u00ed como tambi\u00e9n a NNA solos o separados en situaci\u00f3n de refugio.<\/p><p>Trabajamos en la construcci\u00f3n de pol\u00edticas p\u00fablicas de protecci\u00f3n especial que incidan en la b\u00fasqueda de escenarios seguros para el desarrollo de los ni\u00f1os, ni\u00f1as y adolescentes, favoreciendo de esta manera la inclusi\u00f3n social, la prevenci\u00f3n y restituci\u00f3n de derechos.<\/p><p>Contamos para esto con dos servicios:<\/p>\t\t\t\t\t\t<\/div>\n\t\t\t\t<\/div>\n\t\t\t\t\t<\/div>\n\t\t<\/div>\n\t\t\t\t<div class=\"elementor-column elementor-col-50 elementor-top-column elementor-element elementor-element-8b04b34\" data-id=\"8b04b34\" data-element_type=\"column\">\n\t\t\t<div class=\"elementor-widget-wrap elementor-element-populated\">\n\t\t\t\t\t\t\t\t<div class=\"elementor-element elementor-element-5ad6075 elementor-widget elementor-widget-text-editor\" data-id=\"5ad6075\" data-element_type=\"widget\" data-widget_type=\"text-editor.default\">\n\t\t\t\t<div class=\"elementor-widget-container\">\n\t\t\t\t\t\t\t<ul><li><strong>Acogimiento Institucional: <\/strong>Apoyamos a la familia en situaciones de crisis contamos con tres casas de acogimientos institucional denominadas Casa Familia, los ni\u00f1os, ni\u00f1as y adolescentes viven dentro de las instalaciones de est\u00e1s casas en donde encuentran un ambiente familiar, con educadores que tienen una formaci\u00f3n previa; tanto los ni\u00f1os y ni\u00f1as, como las familias reciben atenci\u00f3n psicol\u00f3gica, social y legal.<\/li><li><strong>Acogimiento Familiar: <\/strong>Trabajamos con familias que han decidido acoger a un ni\u00f1o, ni\u00f1a o adolescente que necesita de un hogar de paso, con la finalidad de prevenir la institucionalizaci\u00f3n innecesaria de los ni\u00f1os, ni\u00f1as y adolescentes y garantizar el derecho a vivir en familia.<\/li><\/ul>\t\t\t\t\t\t<\/div>\n\t\t\t\t<\/div>\n\t\t\t\t\t<\/div>\n\t\t<\/div>\n\t\t\t\t\t\t\t<\/div>\n\t\t<\/section>\n\t\t\t\t<section class=\"elementor-section elementor-top-section elementor-element elementor-element-03e0748 elementor-section-content-middle elementor-section-boxed elementor-section-height-default elementor-section-height-default elementor-invisible\" data-id=\"03e0748\" data-element_type=\"section\" data-settings=\"{&quot;animation&quot;:&quot;fadeIn&quot;}\">\n\t\t\t\t\t\t<div class=\"elementor-container elementor-column-gap-no\">\n\t\t\t\t\t<div class=\"elementor-column elementor-col-100 elementor-top-column elementor-element elementor-element-4f9b9e0\" data-id=\"4f9b9e0\" data-element_type=\"column\">\n\t\t\t<div class=\"elementor-widget-wrap\">\n\t\t\t\t\t\t\t\t\t<\/div>\n\t\t<\/div>\n\t\t\t\t\t\t\t<\/div>\n\t\t<\/section>\n\t\t\t\t\t\t\t<\/div>\n\t\t","protected":false},"excerpt":{"rendered":"<p>NI\u00d1EZ Y FAMILIA \u2013 APOYO FAMILIAR y ACOGIMIENTO INSTITUCIONAL Estimulamos alternativas para resolver los conflictos en maltrato psicol\u00f3gico y f\u00edsico, desestructuraci\u00f3n familiar, alcoholismo, abuso sexual y abandono, para ni\u00f1os, ni\u00f1as y adolescentes \u2013 NNA privados o en riesgo de perder su medio familiar y sus familias, as\u00ed como tambi\u00e9n a NNA solos o separados en &#8230; <a title=\"Acogimiento\" class=\"read-more\" href=\"https:\/\/solidaridadyaccion.org\/index.php\/es\/acogimiento\/\" aria-label=\"More on Acogimiento\">Read more<\/a><\/p>\n","protected":false},"author":1,"featured_media":0,"parent":0,"menu_order":0,"comment_status":"closed","ping_status":"closed","template":"","meta":[],"_links":{"self":[{"href":"https:\/\/solidaridadyaccion.org\/index.php\/wp-json\/wp\/v2\/pages\/21"}],"collection":[{"href":"https:\/\/solidaridadyaccion.org\/index.php\/wp-json\/wp\/v2\/pages"}],"about":[{"href":"https:\/\/solidaridadyaccion.org\/index.php\/wp-json\/wp\/v2\/types\/page"}],"author":[{"embeddable":true,"href":"https:\/\/solidaridadyaccion.org\/index.php\/wp-json\/wp\/v2\/users\/1"}],"replies":[{"embeddable":true,"href":"https:\/\/solidaridadyaccion.org\/index.php\/wp-json\/wp\/v2\/comments?post=21"}],"version-history":[{"count":28,"href":"https:\/\/solidaridadyaccion.org\/index.php\/wp-json\/wp\/v2\/pages\/21\/revisions"}],"predecessor-version":[{"id":268,"href":"https:\/\/solidaridadyaccion.org\/index.php\/wp-json\/wp\/v2\/pages\/21\/revisions\/268"}],"wp:attachment":[{"href":"https:\/\/solidaridadyaccion.org\/index.php\/wp-json\/wp\/v2\/media?parent=21"}],"curies":[{"name":"wp","href":"https:\/\/api.w.org\/{rel}","templated":true}]}}